{"id":2765,"date":"2023-11-01T21:05:11","date_gmt":"2023-11-01T21:05:11","guid":{"rendered":"https:\/\/ppiworldwide.com\/about-us\/"},"modified":"2024-05-31T15:57:55","modified_gmt":"2024-05-31T15:57:55","slug":"sobre-nosotros","status":"publish","type":"page","link":"https:\/\/ppiworldwide.com\/es\/sobre-nosotros\/","title":{"rendered":"Sobre Nosotros"},"content":{"rendered":"<div class=\"wpb-content-wrapper\"><p>[vc_section conditional_render=\u00bb%5B%7B%22value_role%22%3A%22administrator%22%7D%5D\u00bb el_class=\u00bbposition-relative\u00bb][vc_row full_width=\u00bbstretch_row_content_no_spaces\u00bb conditional_render=\u00bb%5B%7B%22value_role%22%3A%22administrator%22%7D%5D\u00bb][vc_column][vc_raw_html css=\u00bb.vc_custom_1717171075276{margin-bottom: 0px !important;}\u00bb]JTNDdmlkZW8lMjBjbGFzcyUzRCUyMmVtYmVkLXJlc3BvbnNpdmUtaXRlbSUyMHZpZGVvLXNpemUlMjIlMjBjb250cm9scyUzRCUyMiUyMiUyMGxvb3AlM0QlMjIlMjIlMjBtdXRlZCUzRCUyMiUyMiUyMHBsYXlzaW5saW5lJTNEJTIyJTIyJTIwYXV0b3BsYXklM0QlMjIlMjIlMjBwb3N0ZXIlM0QlMjJodHRwcyUzQSUyRiUyRmRldmVsb3AxLndlYnN0dWRpb3BhbmFtYS5jb20lMkZwcGklMkZ3cC1jb250ZW50JTJGdXBsb2FkcyUyRjIwMjMlMkYxMSUyRmltZy1XSE8tUkUtQVJFLmpwZyUyMiUzRSUzQ3NvdXJjZSUyMHNyYyUzRCUyMiUyRndwLWNvbnRlbnQlMkZ1cGxvYWRzJTJGMjAyMyUyRjExJTJGQUJPVVQtVVMtVklERU8tbWluLm1wNCUyMiUzRSUzQyUyRnZpZGVvJTNF[\/vc_raw_html][vc_row_inner wrap_container=\u00bbyes\u00bb el_class=\u00bbcontent_titulo-float\u00bb][vc_column_inner]<div class=\"porto-u-heading titulo-float  wpb_custom_95aa9a11c17ad45cfabaf210d84ee7cc porto-u-5273\"><div class=\"porto-u-sub-heading\" style=\"\">QUI\u00c9NES<br \/>\nSOMOS<\/div><style>.porto-u-5273.porto-u-heading{text-align:left}<\/style><\/div>[\/vc_column_inner][\/vc_row_inner][\/vc_column][\/vc_row][\/vc_section][vc_section conditional_render=\u00bb%5B%7B%22value_role%22%3A%22administrator%22%7D%5D\u00bb css=\u00bb.vc_custom_1698870452218{padding-top: 50px !important;}\u00bb][vc_row wrap_container=\u00bbyes\u00bb conditional_render=\u00bb%5B%7B%22value_role%22%3A%22administrator%22%7D%5D\u00bb css=\u00bb.vc_custom_1698870387996{padding-bottom: 25px !important;}\u00bb][vc_column]<div class=\"porto-u-heading subtitulo-page  wpb_custom_95aa9a11c17ad45cfabaf210d84ee7cc porto-u-8593\"><div class=\"porto-u-main-heading\"><h2  >Somos un equipo global diverso apasionado por convertir ideas en productos tangibles, listos para el mercado, y construir campa\u00f1as de marketing innovadoras que fomentan la lealtad y relaciones duraderas con los clientes. Potenciamos marcas con estrategias personalizadas que ofrecen experiencias \u00fanicas y motivos para regresar por m\u00e1s, con resultados financieros inmediatos y participaci\u00f3n del consumidor.<\/h2><\/div><style>.porto-u-8593.porto-u-heading{text-align:left}<\/style><\/div>[\/vc_column][\/vc_row][\/vc_section][vc_section conditional_render=\u00bb%5B%7B%22value_role%22%3A%22administrator%22%7D%5D\u00bb][vc_row full_width=\u00bbstretch_row_content_no_spaces\u00bb css=\u00bb.vc_custom_1698763957581{padding-top: 35px !important;}\u00bb conditional_render=\u00bb%5B%7B%22value_role%22%3A%22administrator%22%7D%5D\u00bb][vc_column]<div class=\"porto-u-heading titulo-home-right max-width-line titulo-hwa  wpb_custom_95aa9a11c17ad45cfabaf210d84ee7cc porto-u-4786\"><div class=\"porto-u-main-heading\"><h2  >ORIENTADOS AL CONSUMIDOR<\/h2><\/div><div class=\"porto-u-sub-heading\" style=\"\">NOSOTROS IMPULSAMOS LA CREATIVIDAD.<\/div><style>.porto-u-4786.porto-u-heading{text-align:center}<\/style><\/div>[\/vc_column][\/vc_row][vc_row wrap_container=\u00bbyes\u00bb conditional_render=\u00bb%5B%7B%22value_role%22%3A%22administrator%22%7D%5D\u00bb el_class=\u00bbcontent-from\u00bb css=\u00bb.vc_custom_1698871745639{padding-top: 25px !important;}\u00bb][vc_column width=\u00bb1\/2&#8243; el_class=\u00bbcontent-case-studies\u00bb conditional_render=\u00bb%5B%7B%22value_role%22%3A%22administrator%22%7D%5D\u00bb offset=\u00bbvc_col-md-4&#8243;][vc_row_inner][vc_column_inner][vc_single_image image=\u00bb2606&#8243; img_size=\u00bbfull\u00bb alignment=\u00bbcenter\u00bb css=\u00bb.vc_custom_1698871552687{margin-bottom: 15px !important;}\u00bb el_class=\u00bbcontent-case-studies_img\u00bb]<div class=\"porto-u-heading text-case-studio  wpb_custom_1f7fdfda65da13299f36f3b027eab2dd porto-u-4050\"><div class=\"porto-u-main-heading\"><h3  >INNOVADORES<\/h3><\/div><style>.porto-u-4050.porto-u-heading{text-align:center}<\/style><\/div>[\/vc_column_inner][\/vc_row_inner][\/vc_column][vc_column width=\u00bb1\/2&#8243; el_class=\u00bbcontent-case-studies\u00bb conditional_render=\u00bb%5B%7B%22value_role%22%3A%22administrator%22%7D%5D\u00bb offset=\u00bbvc_col-md-4&#8243;][vc_row_inner][vc_column_inner][vc_single_image image=\u00bb2607&#8243; img_size=\u00bbfull\u00bb alignment=\u00bbcenter\u00bb css=\u00bb.vc_custom_1698871585202{margin-bottom: 15px !important;}\u00bb el_class=\u00bbcontent-case-studies_img\u00bb]<div class=\"porto-u-heading text-case-studio  wpb_custom_1f7fdfda65da13299f36f3b027eab2dd porto-u-4779\"><div class=\"porto-u-main-heading\"><h3  >CREATIVOS<\/h3><\/div><style>.porto-u-4779.porto-u-heading{text-align:center}<\/style><\/div>[\/vc_column_inner][\/vc_row_inner][\/vc_column][vc_column width=\u00bb1\/2&#8243; el_class=\u00bbcontent-case-studies\u00bb conditional_render=\u00bb%5B%7B%22value_role%22%3A%22administrator%22%7D%5D\u00bb offset=\u00bbvc_col-md-4&#8243;][vc_row_inner][vc_column_inner][vc_single_image image=\u00bb2608&#8243; img_size=\u00bbfull\u00bb alignment=\u00bbcenter\u00bb css=\u00bb.vc_custom_1698871707992{margin-bottom: 15px !important;}\u00bb el_class=\u00bbcontent-case-studies_img\u00bb]<div class=\"porto-u-heading text-case-studio  wpb_custom_1f7fdfda65da13299f36f3b027eab2dd porto-u-1534\"><div class=\"porto-u-main-heading\"><h3  >FLEXIBLES<\/h3><\/div><style>.porto-u-1534.porto-u-heading{text-align:center}<\/style><\/div>[\/vc_column_inner][\/vc_row_inner][\/vc_column][\/vc_row][\/vc_section][vc_section css=\u00bb.vc_custom_1698872742419{padding-top: 35px !important;padding-bottom: 35px !important;background-color: #e1e4e7 !important;}\u00bb conditional_render=\u00bb%5B%7B%22value_role%22%3A%22administrator%22%7D%5D\u00bb][vc_row][vc_column]<div class=\"porto-u-heading  wpb_custom_4190a1716ad0f83a2f2b83e36090e9c6 porto-u-4884\"><div class=\"porto-u-main-heading\"><h2  >Podemos organizar todo el proceso<\/h2><\/div><style>.porto-u-4884.porto-u-heading{text-align:center}<\/style><\/div>[\/vc_column][\/vc_row][vc_row wrap_container=\u00bbyes\u00bb conditional_render=\u00bb%5B%7B%22value_role%22%3A%22administrator%22%7D%5D\u00bb css=\u00bb.vc_custom_1698771586798{padding-top: 25px !important;}\u00bb][vc_column]<div class=\"porto-block\" data-id=\"2786\"><style>.vc_custom_1769158268057{margin-bottom: 0px !important;}<\/style>[vc_row][vc_column][vc_raw_html css=\".vc_custom_1769158268057{margin-bottom: 0px !important;}\"]JTNDZGl2JTIwY2xhc3MlM0QlMjJjb250ZW4taWRlYXMlMjIlM0UlMEElM0NkaXYlMjBjbGFzcyUzRCUyMmljby1pZGVhcyUyMHdpZHRodW5vJTIyJTNFJTBBJTIwJTIwJTIwJTIwJTNDdWwlMjBjbGFzcyUzRCUyMmxpc3QtdW5zdHlsZWQlMjIlM0UlMEElMjAlMjAlMjAlMjAlMjAlMjAlMjAlMjAlM0NsaSUzRSUzQ2ltZyUyMHNyYyUzRCUyMmh0dHBzJTNBJTJGJTJGcHBpd29ybGR3aWRlLmNvbSUyRndwLWNvbnRlbnQlMkZ1cGxvYWRzJTJGMjAyMyUyRjEwJTJGaWRlYS5zdmclMjIlM0UlM0NzcGFuJTNFSURFQSUzQyUyRnNwYW4lM0UlM0MlMkZsaSUzRSUwQSUyMCUyMCUyMCUyMCUyMCUyMCUyMCUyMCUzQ2xpJTNFJTNDaW1nJTIwc3JjJTNEJTIyaHR0cHMlM0ElMkYlMkZwcGl3b3JsZHdpZGUuY29tJTJGd3AtY29udGVudCUyRnVwbG9hZHMlMkYyMDIzJTJGMTAlMkZkZXNpbmcuc3ZnJTIyJTNFJTNDc3BhbiUzRURJU0UlQzMlOTFPJTNDJTJGc3BhbiUzRSUzQyUyRmxpJTNFJTBBJTIwJTIwJTIwJTIwJTNDJTJGdWwlM0UlMEElM0MlMkZkaXYlM0UlMEElM0NkaXYlMjBjbGFzcyUzRCUyMmljby1pZGVhcyUyMiUzRSUwQSUyMCUyMCUyMCUyMCUzQ3VsJTIwY2xhc3MlM0QlMjJsaXN0LXVuc3R5bGVkJTIwd2lkdGh1bm8lMjIlM0UlMEElMjAlMjAlMjAlMjAlMjAlMjAlMjAlMjAlM0NsaSUzRSUzQ2ltZyUyMHNyYyUzRCUyMmh0dHBzJTNBJTJGJTJGcHBpd29ybGR3aWRlLmNvbSUyRndwLWNvbnRlbnQlMkZ1cGxvYWRzJTJGMjAyMyUyRjEwJTJGbWFudWZhY3R1cmluZy5zdmclMjIlM0UlM0NzcGFuJTNFRkFCUklDQUNJJUMzJTkzTiUzQyUyRnNwYW4lM0UlM0MlMkZsaSUzRSUwQSUyMCUyMCUyMCUyMCUyMCUyMCUyMCUyMCUzQ2xpJTNFJTNDaW1nJTIwc3JjJTNEJTIyaHR0cHMlM0ElMkYlMkZwcGl3b3JsZHdpZGUuY29tJTJGd3AtY29udGVudCUyRnVwbG9hZHMlMkYyMDIzJTJGMTAlMkZwYWNrYWdpbmcuc3ZnJTIyJTNFJTNDc3BhbiUzRUVNQkFMQUpFJTNDJTJGc3BhbiUzRSUzQyUyRmxpJTNFJTBBJTIwJTIwJTIwJTIwJTNDJTJGdWwlM0UlMEElM0MlMkZkaXYlM0UlMEElM0NkaXYlMjBjbGFzcyUzRCUyMmljby1pZGVhcyUyMiUzRSUwQSUyMCUyMCUyMCUyMCUzQ3VsJTIwY2xhc3MlM0QlMjJsaXN0LXVuc3R5bGVkJTIwd2lkdGhkb3MlMjIlM0UlMEElMjAlMjAlMjAlMjAlMjAlMjAlMjAlMjAlM0NsaSUzRSUzQ2ltZyUyMHNyYyUzRCUyMmh0dHBzJTNBJTJGJTJGcHBpd29ybGR3aWRlLmNvbSUyRndwLWNvbnRlbnQlMkZ1cGxvYWRzJTJGMjAyMyUyRjEwJTJGbG9naXN0aWN0LnN2ZyUyMiUzRSUzQ3NwYW4lM0VMT0clQzMlOERTVElDQSUzQyUyRnNwYW4lM0UlM0MlMkZsaSUzRSUwQSUyMCUyMCUyMCUyMCUyMCUyMCUyMCUyMCUzQ2xpJTNFJTNDaW1nJTIwc3JjJTNEJTIyaHR0cHMlM0ElMkYlMkZwcGl3b3JsZHdpZGUuY29tJTJGd3AtY29udGVudCUyRnVwbG9hZHMlMkYyMDIzJTJGMTAlMkZwb3Muc3ZnJTIyJTNFJTNDc3BhbiUzRVBPUyUzQyUyRnNwYW4lM0UlM0MlMkZsaSUzRSUwQSUyMCUyMCUyMCUyMCUyMCUyMCUyMCUyMCUzQ2xpJTNFJTNDaW1nJTIwc3JjJTNEJTIyaHR0cHMlM0ElMkYlMkZwcGl3b3JsZHdpZGUuY29tJTJGd3AtY29udGVudCUyRnVwbG9hZHMlMkYyMDIzJTJGMTAlMkZkaWdpdGFsLnN2ZyUyMiUzRSUzQ3NwYW4lM0VESUdJVEFMJTNDJTJGc3BhbiUzRSUzQyUyRmxpJTNFJTBBJTIwJTIwJTIwJTIwJTNDJTJGdWwlM0UlMEElM0MlMkZkaXYlM0UlMEElM0MlMkZkaXYlM0U=[\/vc_raw_html][\/vc_column][\/vc_row]<\/div>[\/vc_column][\/vc_row][\/vc_section][vc_section conditional_render=\u00bb%5B%7B%22value_role%22%3A%22administrator%22%7D%5D\u00bb][vc_row wrap_container=\u00bbyes\u00bb conditional_render=\u00bb%5B%7B%22value_role%22%3A%22administrator%22%7D%5D\u00bb][vc_column width=\u00bb1\/2&#8243;]<div class=\"porto-u-heading titulos-nsotros-page  wpb_custom_95aa9a11c17ad45cfabaf210d84ee7cc porto-u-4799\"><div class=\"porto-u-main-heading\"><h2  >SIEMPRE ESTAMOS<\/h2><\/div><div class=\"porto-u-sub-heading\" style=\"\">BUSCANDO<\/div><style>.porto-u-4799.porto-u-heading{text-align:center}<\/style><\/div>[vc_raw_html]JTNDZGl2JTIwY2xhc3MlM0QlMjJsaXN0LW5vc290cm9zJTIyJTNFJTBBJTA5JTNDdWwlMjBjbGFzcyUzRCUyMmxpc3QtdW5zdHlsZWQlMjIlM0UlMEElMDklMDklM0NsaSUzRSUzQ3NwYW4lMjBjbGFzcyUzRCUyMmJhbGwteSUyMiUzRSUzQyUyRnNwYW4lM0VJTk5PVkFDSSVDMyU5M04lMjBESVNSVVBUSVZBLiUzQyUyRmxpJTNFJTBBJTA5JTA5JTNDbGklM0UlM0NzcGFuJTIwY2xhc3MlM0QlMjJiYWxsLXklMjIlM0UlM0MlMkZzcGFuJTNFTUFSQ0FTJTIwUFJPUElBUy4lMjAlM0MlMkZsaSUzRSUwQSUwOSUwOSUzQ2xpJTNFJTNDc3BhbiUyMGNsYXNzJTNEJTIyYmFsbC15JTIyJTNFJTNDJTJGc3BhbiUzRUJFTkVGSUNJT1MlMjBOT1ZFRE9TT1MlMjBPJTIwRVhDTFVTSVZPUy4lM0MlMkZsaSUzRSUwQSUwOSUzQyUyRnVsJTNFJTBBJTNDJTJGZGl2JTNF[\/vc_raw_html][\/vc_column][vc_column width=\u00bb1\/2&#8243;]<div class=\"porto-u-heading titulos-nsotros-page  wpb_custom_95aa9a11c17ad45cfabaf210d84ee7cc porto-u-6681\"><div class=\"porto-u-main-heading\"><h2  >ESTAMOS OBSESIONADOS<\/h2><\/div><div class=\"porto-u-sub-heading\" style=\"\">CON<\/div><style>.porto-u-6681.porto-u-heading{text-align:center}<\/style><\/div>[vc_raw_html]JTNDZGl2JTIwY2xhc3MlM0QlMjJsaXN0LW5vc290cm9zJTIyJTNFJTBBJTA5JTNDdWwlMjBjbGFzcyUzRCUyMmxpc3QtdW5zdHlsZWQlMjIlM0UlMEElMDklMDklM0NsaSUzRSUzQ3NwYW4lMjBjbGFzcyUzRCUyMmJhbGwteSUyMiUzRSUzQyUyRnNwYW4lM0VFWENFTEVOQ0lBLiUzQyUyRmxpJTNFJTBBJTA5JTA5JTNDbGklM0UlM0NzcGFuJTIwY2xhc3MlM0QlMjJiYWxsLXklMjIlM0UlM0MlMkZzcGFuJTNFQ0FMSURBRC4lM0MlMkZsaSUzRSUwQSUwOSUwOSUzQ2xpJTNFJTNDc3BhbiUyMGNsYXNzJTNEJTIyYmFsbC15JTIyJTNFJTNDJTJGc3BhbiUzRUNPTlRST0wlMjBERSUyMENPU1RPUy4lM0MlMkZsaSUzRSUwQSUwOSUzQyUyRnVsJTNFJTBBJTNDJTJGZGl2JTNF[\/vc_raw_html][\/vc_column][\/vc_row][\/vc_section][vc_section conditional_render=\u00bb%5B%7B%22value_role%22%3A%22administrator%22%7D%5D\u00bb][vc_row full_width=\u00bbstretch_row_content_no_spaces\u00bb css=\u00bb.vc_custom_1698763957581{padding-top: 35px !important;}\u00bb conditional_render=\u00bb%5B%7B%22value_role%22%3A%22administrator%22%7D%5D\u00bb][vc_column conditional_render=\u00bb%5B%7B%22value_role%22%3A%22administrator%22%7D%5D\u00bb]<div class=\"porto-u-heading titulo-home titulo-hwa  wpb_custom_95aa9a11c17ad45cfabaf210d84ee7cc porto-u-8985\"><div class=\"porto-u-main-heading\"><h2  >TRABAJAMOS BAJO<\/h2><\/div><div class=\"porto-u-sub-heading\" style=\"\">Est\u00e1ndares internacionales<br \/>\nrigurosos.<\/div><style>.porto-u-8985.porto-u-heading{text-align:center}<\/style><\/div>[\/vc_column][\/vc_row][vc_row wrap_container=\u00bbyes\u00bb conditional_render=\u00bb%5B%7B%22value_role%22%3A%22administrator%22%7D%5D\u00bb el_class=\u00bbcontent-loyalty collectibles\u00bb css=\u00bb.vc_custom_1698874597468{padding-top: 35px !important;padding-bottom: 35px !important;}\u00bb][vc_column width=\u00bb1\/3&#8243; offset=\u00bbvc_col-md-4&#8243; conditional_render=\u00bb%5B%7B%22value_role%22%3A%22administrator%22%7D%5D\u00bb css=\u00bb.vc_custom_1698766308381{padding-right: 0px !important;padding-left: 0px !important;}\u00bb][vc_single_image image=\u00bb2622&#8243; img_size=\u00bbfull\u00bb alignment=\u00bbcenter\u00bb el_class=\u00bbimg-loyalty\u00bb css=\u00bb.vc_custom_1698874528561{margin-bottom: 0px !important;}\u00bb][\/vc_column][vc_column width=\u00bb2\/3&#8243; offset=\u00bbvc_col-md-8&#8243; conditional_render=\u00bb%5B%7B%22value_role%22%3A%22administrator%22%7D%5D\u00bb]<div class=\"porto-u-heading content-loyalty_textos  wpb_custom_95aa9a11c17ad45cfabaf210d84ee7cc porto-u-9109\"><div class=\"porto-u-main-heading\"><h2   style=\"color:#ffffff;\">FABRICACI\u00d3N<\/h2><\/div><div class=\"porto-u-sub-heading\" style=\"color: #ffffff;\">Tenemos nuestro propio fabricante con los m\u00e1s altos est\u00e1ndares de calidad que nos permiten flexibilidad en la planificaci\u00f3n y producci\u00f3n.<br \/>\nNuestra experiencia en fabricaci\u00f3n es inigualable.<\/div><style>.porto-u-9109.porto-u-heading{text-align:left}<\/style><\/div>[\/vc_column][\/vc_row][\/vc_section][vc_section css=\u00bb.vc_custom_1700058571986{padding-bottom: 35px !important;background-color: #ffdc25 !important;}\u00bb conditional_render=\u00bb%5B%7B%22value_role%22%3A%22administrator%22%7D%5D\u00bb][vc_row full_width=\u00bbstretch_row_content_no_spaces\u00bb css=\u00bb.vc_custom_1698846840801{padding-top: 35px !important;}\u00bb conditional_render=\u00bb%5B%7B%22value_role%22%3A%22administrator%22%7D%5D\u00bb el_class=\u00bbcontent-from\u00bb][vc_column]<div class=\"porto-u-heading titulo-home-no-line change-width  wpb_custom_95aa9a11c17ad45cfabaf210d84ee7cc porto-u-5187\"><div class=\"porto-u-main-heading\"><h2  >CONT\u00c1CTENOS<\/h2><\/div><style>.porto-u-5187.porto-u-heading{text-align:center}<\/style><\/div>[vc_row_inner wrap_container=\u00bbyes\u00bb css=\u00bb.vc_custom_1698853229310{margin-top: -20px !important;}\u00bb][vc_column_inner]\n<div class=\"wpcf7 no-js\" id=\"wpcf7-f2785-o1\" lang=\"es-ES\" dir=\"ltr\" data-wpcf7-id=\"2785\">\n<div class=\"screen-reader-response\"><p role=\"status\" aria-live=\"polite\" aria-atomic=\"true\"><\/p> <ul><\/ul><\/div>\n<form action=\"\/es\/wp-json\/wp\/v2\/pages\/2765#wpcf7-f2785-o1\" method=\"post\" class=\"wpcf7-form init\" aria-label=\"Formulario de contacto\" novalidate=\"novalidate\" data-status=\"init\">\n<fieldset class=\"hidden-fields-container\"><input type=\"hidden\" name=\"_wpcf7\" value=\"2785\" \/><input type=\"hidden\" name=\"_wpcf7_version\" value=\"6.1.5\" \/><input type=\"hidden\" name=\"_wpcf7_locale\" value=\"es_ES\" \/><input type=\"hidden\" name=\"_wpcf7_unit_tag\" value=\"wpcf7-f2785-o1\" \/><input type=\"hidden\" name=\"_wpcf7_container_post\" value=\"0\" \/><input type=\"hidden\" name=\"_wpcf7_posted_data_hash\" value=\"\" \/>\n<\/fieldset>\n<div class=\"row\">\n\t<div class=\"col-lg-6\">\n\t\t<div class=\"form-group\">\n\t\t\t<p><label for=\"contact-name\" class=\"font-weight-bold\">NOMBRE *<\/label><br \/>\n<span class=\"wpcf7-form-control-wrap\" data-name=\"your-name\"><input size=\"40\" maxlength=\"400\" class=\"wpcf7-form-control wpcf7-text wpcf7-validates-as-required form-control\" id=\"contact-name\" aria-required=\"true\" aria-invalid=\"false\" value=\"\" type=\"text\" name=\"your-name\" \/><\/span>\n\t\t\t<\/p>\n\t\t<\/div>\n\t<\/div>\n\t<div class=\"col-lg-6\">\n\t\t<div class=\"form-group\">\n\t\t\t<p><label for=\"contact-email\" class=\"font-weight-bold\">CORREO *<\/label><br \/>\n<span class=\"wpcf7-form-control-wrap\" data-name=\"your-email\"><input size=\"40\" maxlength=\"400\" class=\"wpcf7-form-control wpcf7-email wpcf7-validates-as-required wpcf7-text wpcf7-validates-as-email form-control\" id=\"contact-email\" aria-required=\"true\" aria-invalid=\"false\" value=\"\" type=\"email\" name=\"your-email\" \/><\/span>\n\t\t\t<\/p>\n\t\t<\/div>\n\t<\/div>\n\t<div class=\"col-lg-12\">\n\t\t<div class=\"form-group\">\n\t\t\t<p><label for=\"contact-message\" class=\"font-weight-bold\">MENSAJE <\/label><br \/>\n<span class=\"wpcf7-form-control-wrap\" data-name=\"your-message\"><textarea cols=\"40\" rows=\"10\" maxlength=\"2000\" class=\"wpcf7-form-control wpcf7-textarea form-control\" id=\"contact-message\" aria-invalid=\"false\" name=\"your-message\"><\/textarea><\/span>\n\t\t\t<\/p>\n\t\t<\/div>\n\t<\/div>\n\t<div class=\"col-lg-12\">\n\t\t<div class=\"form-group\">\n\t\t\t<p><span class=\"wpcf7-form-control-wrap\" data-name=\"hcap-cf7\">\t\t<input\n\t\t\t\ttype=\"hidden\"\n\t\t\t\tclass=\"hcaptcha-widget-id\"\n\t\t\t\tname=\"hcaptcha-widget-id\"\n\t\t\t\tvalue=\"eyJzb3VyY2UiOlsiY29udGFjdC1mb3JtLTdcL3dwLWNvbnRhY3QtZm9ybS03LnBocCJdLCJmb3JtX2lkIjo3Nn0=-5f14622543cc4a8769dcbc2b0d5ea7df\">\n\t\t\t\t<span id=\"hcap_cf7-69d38e33721293.71655985\" class=\"wpcf7-form-control h-captcha \"\n\t\t\tdata-sitekey=\"9d6b1ef5-32b2-4678-ac4e-3bfaf32ce7b8\"\n\t\t\tdata-theme=\"light\"\n\t\t\tdata-size=\"normal\"\n\t\t\tdata-auto=\"false\"\n\t\t\tdata-ajax=\"false\"\n\t\t\tdata-force=\"false\">\n\t\t<\/span>\n\t\t<input type=\"hidden\" id=\"_wpnonce\" name=\"_wpnonce\" value=\"7ae5a96c11\" \/><input type=\"hidden\" name=\"_wp_http_referer\" value=\"\/es\/wp-json\/wp\/v2\/pages\/2765\" \/><\/span><input class=\"wpcf7-form-control wpcf7-submit has-spinner btn btn-primary btn-home-form\" type=\"submit\" value=\"ENVIAR MENSAJE\" \/>\n\t\t\t<\/p>\n\t\t<\/div>\n\t<\/div>\n<\/div><input type='hidden' class='wpcf7-pum' value='{\"closepopup\":false,\"closedelay\":0,\"openpopup\":false,\"openpopup_id\":0}' \/><div class=\"wpcf7-response-output\" aria-hidden=\"true\"><\/div>\n<\/form>\n<\/div>\n[\/vc_column_inner][\/vc_row_inner][\/vc_column][\/vc_row][\/vc_section]<\/p>\n<\/div>","protected":false},"excerpt":{"rendered":"<p>[vc_section conditional_render=\u00bb%5B%7B%22value_role%22%3A%22administrator%22%7D%5D\u00bb el_class=\u00bbposition-relative\u00bb][vc_row full_width=\u00bbstretch_row_content_no_spaces\u00bb conditional_render=\u00bb%5B%7B%22value_role%22%3A%22administrator%22%7D%5D\u00bb][vc_column][vc_raw_html css=\u00bb.vc_custom_1717171075276{margin-bottom: 0px !important;}\u00bb]JTNDdmlkZW8lMjBjbGFzcyUzRCUyMmVtYmVkLXJlc3BvbnNpdmUtaXRlbSUyMHZpZGVvLXNpemUlMjIlMjBjb250cm9scyUzRCUyMiUyMiUyMGxvb3AlM0QlMjIlMjIlMjBtdXRlZCUzRCUyMiUyMiUyMHBsYXlzaW5saW5lJTNEJTIyJTIyJTIwYXV0b3BsYXklM0QlMjIlMjIlMjBwb3N0ZXIlM0QlMjJodHRwcyUzQSUyRiUyRmRldmVsb3AxLndlYnN0dWRpb3BhbmFtYS5jb20lMkZwcGklMkZ3cC1jb250ZW50JTJGdXBsb2FkcyUyRjIwMjMlMkYxMSUyRmltZy1XSE8tUkUtQVJFLmpwZyUyMiUzRSUzQ3NvdXJjZSUyMHNyYyUzRCUyMiUyRndwLWNvbnRlbnQlMkZ1cGxvYWRzJTJGMjAyMyUyRjExJTJGQUJPVVQtVVMtVklERU8tbWluLm1wNCUyMiUzRSUzQyUyRnZpZGVvJTNF[\/vc_raw_html][vc_row_inner wrap_container=\u00bbyes\u00bb el_class=\u00bbcontent_titulo-float\u00bb][vc_column_inner][\/vc_column_inner][\/vc_row_inner][\/vc_column][\/vc_row][\/vc_section][vc_section conditional_render=\u00bb%5B%7B%22value_role%22%3A%22administrator%22%7D%5D\u00bb css=\u00bb.vc_custom_1698870452218{padding-top: 50px !important;}\u00bb][vc_row wrap_container=\u00bbyes\u00bb conditional_render=\u00bb%5B%7B%22value_role%22%3A%22administrator%22%7D%5D\u00bb css=\u00bb.vc_custom_1698870387996{padding-bottom: 25px !important;}\u00bb][vc_column][\/vc_column][\/vc_row][\/vc_section][vc_section conditional_render=\u00bb%5B%7B%22value_role%22%3A%22administrator%22%7D%5D\u00bb][vc_row full_width=\u00bbstretch_row_content_no_spaces\u00bb css=\u00bb.vc_custom_1698763957581{padding-top: 35px !important;}\u00bb conditional_render=\u00bb%5B%7B%22value_role%22%3A%22administrator%22%7D%5D\u00bb][vc_column][\/vc_column][\/vc_row][vc_row wrap_container=\u00bbyes\u00bb conditional_render=\u00bb%5B%7B%22value_role%22%3A%22administrator%22%7D%5D\u00bb el_class=\u00bbcontent-from\u00bb css=\u00bb.vc_custom_1698871745639{padding-top: 25px !important;}\u00bb][vc_column width=\u00bb1\/2&#8243; el_class=\u00bbcontent-case-studies\u00bb conditional_render=\u00bb%5B%7B%22value_role%22%3A%22administrator%22%7D%5D\u00bb offset=\u00bbvc_col-md-4&#8243;][vc_row_inner][vc_column_inner][vc_single_image image=\u00bb2606&#8243; img_size=\u00bbfull\u00bb alignment=\u00bbcenter\u00bb css=\u00bb.vc_custom_1698871552687{margin-bottom: 15px !important;}\u00bb el_class=\u00bbcontent-case-studies_img\u00bb][\/vc_column_inner][\/vc_row_inner][\/vc_column][vc_column width=\u00bb1\/2&#8243; el_class=\u00bbcontent-case-studies\u00bb conditional_render=\u00bb%5B%7B%22value_role%22%3A%22administrator%22%7D%5D\u00bb offset=\u00bbvc_col-md-4&#8243;][vc_row_inner][vc_column_inner][vc_single_image image=\u00bb2607&#8243; img_size=\u00bbfull\u00bb alignment=\u00bbcenter\u00bb css=\u00bb.vc_custom_1698871585202{margin-bottom: 15px !important;}\u00bb el_class=\u00bbcontent-case-studies_img\u00bb][\/vc_column_inner][\/vc_row_inner][\/vc_column][vc_column width=\u00bb1\/2&#8243; el_class=\u00bbcontent-case-studies\u00bb [&hellip;]<\/p>\n","protected":false},"author":1,"featured_media":0,"parent":0,"menu_order":0,"comment_status":"closed","ping_status":"closed","template":"","meta":{"inline_featured_image":false,"footnotes":""},"class_list":["post-2765","page","type-page","status-publish","hentry"],"_links":{"self":[{"href":"https:\/\/ppiworldwide.com\/es\/wp-json\/wp\/v2\/pages\/2765","targetHints":{"allow":["GET"]}}],"collection":[{"href":"https:\/\/ppiworldwide.com\/es\/wp-json\/wp\/v2\/pages"}],"about":[{"href":"https:\/\/ppiworldwide.com\/es\/wp-json\/wp\/v2\/types\/page"}],"author":[{"embeddable":true,"href":"https:\/\/ppiworldwide.com\/es\/wp-json\/wp\/v2\/users\/1"}],"replies":[{"embeddable":true,"href":"https:\/\/ppiworldwide.com\/es\/wp-json\/wp\/v2\/comments?post=2765"}],"version-history":[{"count":6,"href":"https:\/\/ppiworldwide.com\/es\/wp-json\/wp\/v2\/pages\/2765\/revisions"}],"predecessor-version":[{"id":2987,"href":"https:\/\/ppiworldwide.com\/es\/wp-json\/wp\/v2\/pages\/2765\/revisions\/2987"}],"wp:attachment":[{"href":"https:\/\/ppiworldwide.com\/es\/wp-json\/wp\/v2\/media?parent=2765"}],"curies":[{"name":"wp","href":"https:\/\/api.w.org\/{rel}","templated":true}]}}